{"id":2335,"date":"2025-02-16T17:57:31","date_gmt":"2025-02-16T20:57:31","guid":{"rendered":"https:\/\/brflor.com\/br\/?page_id=2335"},"modified":"2025-02-19T16:55:39","modified_gmt":"2025-02-19T19:55:39","slug":"faq","status":"publish","type":"page","link":"https:\/\/brflor.com\/index.php\/faq\/","title":{"rendered":"FAQ"},"content":{"rendered":"\t\t<div data-elementor-type=\"wp-page\" data-elementor-id=\"2335\" class=\"elementor elementor-2335\" data-elementor-settings=\"{&quot;ha_cmc_init_switcher&quot;:&quot;no&quot;}\" data-elementor-post-type=\"page\">\n\t\t\t\t\t\t<section class=\"elementor-section elementor-top-section elementor-element elementor-element-256b82b2 elementor-section-height-min-height elementor-section-content-middle elementor-section-boxed elementor-section-height-default elementor-section-items-middle\" data-id=\"256b82b2\" data-element_type=\"section\" data-e-type=\"section\" data-settings=\"{&quot;background_background&quot;:&quot;classic&quot;,&quot;_ha_eqh_enable&quot;:false}\">\n\t\t\t\t\t\t\t<div class=\"elementor-background-overlay\"><\/div>\n\t\t\t\t\t\t\t<div class=\"elementor-container elementor-column-gap-default\">\n\t\t\t\t\t<div class=\"elementor-column elementor-col-100 elementor-top-column elementor-element elementor-element-2976b476\" data-id=\"2976b476\" data-element_type=\"column\" data-e-type=\"column\">\n\t\t\t<div class=\"elementor-widget-wrap elementor-element-populated\">\n\t\t\t\t\t\t<div class=\"elementor-element elementor-element-7d8de86 elementor-invisible elementor-widget elementor-widget-elementskit-heading\" data-id=\"7d8de86\" data-element_type=\"widget\" data-e-type=\"widget\" data-settings=\"{&quot;_animation&quot;:&quot;fadeInUp&quot;}\" data-widget_type=\"elementskit-heading.default\">\n\t\t\t\t<div class=\"elementor-widget-container\">\n\t\t\t\t\t<div class=\"ekit-wid-con\" ><div class=\"ekit-heading elementskit-section-title-wraper center   ekit_heading_tablet-   ekit_heading_mobile-\"><h2 class=\"ekit-heading--title elementskit-section-title \">Perguntas  <span><span>Frequentes<\/span><\/span><\/h2><\/div><\/div>\t\t\t\t<\/div>\n\t\t\t\t<\/div>\n\t\t\t\t\t<\/div>\n\t\t<\/div>\n\t\t\t\t\t<\/div>\n\t\t<\/section>\n\t\t\t\t<section class=\"elementor-section elementor-top-section elementor-element elementor-element-a6fcc5e elementor-section-boxed elementor-section-height-default elementor-section-height-default\" data-id=\"a6fcc5e\" data-element_type=\"section\" data-e-type=\"section\" data-settings=\"{&quot;background_background&quot;:&quot;classic&quot;,&quot;_ha_eqh_enable&quot;:false}\">\n\t\t\t\t\t\t<div class=\"elementor-container elementor-column-gap-default\">\n\t\t\t\t\t<div class=\"elementor-column elementor-col-100 elementor-top-column elementor-element elementor-element-a71c995\" data-id=\"a71c995\" data-element_type=\"column\" data-e-type=\"column\">\n\t\t\t<div class=\"elementor-widget-wrap elementor-element-populated\">\n\t\t\t\t\t\t<section class=\"elementor-section elementor-inner-section elementor-element elementor-element-d066a57 elementor-section-boxed elementor-section-height-default elementor-section-height-default\" data-id=\"d066a57\" data-element_type=\"section\" data-e-type=\"section\" data-settings=\"{&quot;_ha_eqh_enable&quot;:false}\">\n\t\t\t\t\t\t<div class=\"elementor-container elementor-column-gap-default\">\n\t\t\t\t\t<div class=\"elementor-column elementor-col-50 elementor-inner-column elementor-element elementor-element-58eb76f\" data-id=\"58eb76f\" data-element_type=\"column\" data-e-type=\"column\">\n\t\t\t<div class=\"elementor-widget-wrap elementor-element-populated\">\n\t\t\t\t\t\t<div class=\"elementor-element elementor-element-a9e4251 elementor-invisible elementor-widget elementor-widget-heading\" data-id=\"a9e4251\" data-element_type=\"widget\" data-e-type=\"widget\" data-settings=\"{&quot;_animation&quot;:&quot;fadeInUp&quot;}\" data-widget_type=\"heading.default\">\n\t\t\t\t<div class=\"elementor-widget-container\">\n\t\t\t\t\t<h2 class=\"elementor-heading-title elementor-size-default\">Qual a import\u00e2ncia de se ter um planejamento estrat\u00e9gico em minha empresa?<\/h2>\t\t\t\t<\/div>\n\t\t\t\t<\/div>\n\t\t\t\t<div class=\"elementor-element elementor-element-4c3b25d elementor-invisible elementor-widget elementor-widget-text-editor\" data-id=\"4c3b25d\" data-element_type=\"widget\" data-e-type=\"widget\" data-settings=\"{&quot;_animation&quot;:&quot;fadeInUp&quot;}\" data-widget_type=\"text-editor.default\">\n\t\t\t\t<div class=\"elementor-widget-container\">\n\t\t\t\t\t\t\t\t\t<p style=\"text-align: center;\">Essa etapa \u00e9 essencial e traz diversos benef\u00edcios para os empreendimentos do setor florestal e madeireiro, reduzindo consideravelmente as probabilidades de erros e falhas operacionais em atividades de manejo florestal, colheita, controle de documenta\u00e7\u00f5es, romaneios e outras etapas do processo produtivo ou administrativo.<\/p><p style=\"text-align: center;\">Uma boa gest\u00e3o proporciona ao seu empreendimento:<\/p><ul><li>Redu\u00e7\u00e3o de custos;<\/li><li>An\u00e1lises facilitadas dos dados;<\/li><li>Cumprimento de metas;<\/li><li>Seguran\u00e7a operacional;<\/li><li>Efici\u00eancia nos processos;<\/li><li>Mais produtividade;<\/li><li>Mais competitividade.<\/li><\/ul><p style=\"text-align: center;\">Contar com um sistema totalmente desenvolvido por quem entende do assunto \u00e9 a pe\u00e7a chave para obter sucesso e a perpetua\u00e7\u00e3o do seu neg\u00f3cio.<\/p>\t\t\t\t\t\t\t\t<\/div>\n\t\t\t\t<\/div>\n\t\t\t\t\t<\/div>\n\t\t<\/div>\n\t\t\t\t<div class=\"elementor-column elementor-col-50 elementor-inner-column elementor-element elementor-element-8b45f81\" data-id=\"8b45f81\" data-element_type=\"column\" data-e-type=\"column\">\n\t\t\t<div class=\"elementor-widget-wrap elementor-element-populated\">\n\t\t\t\t\t\t<div class=\"elementor-element elementor-element-2830062 elementor-invisible elementor-widget elementor-widget-heading\" data-id=\"2830062\" data-element_type=\"widget\" data-e-type=\"widget\" data-settings=\"{&quot;_animation&quot;:&quot;fadeInUp&quot;}\" data-widget_type=\"heading.default\">\n\t\t\t\t<div class=\"elementor-widget-container\">\n\t\t\t\t\t<h2 class=\"elementor-heading-title elementor-size-default\">Um sistema em nuvem n\u00e3o \u00e9 perigoso?<\/h2>\t\t\t\t<\/div>\n\t\t\t\t<\/div>\n\t\t\t\t<div class=\"elementor-element elementor-element-541a10b elementor-invisible elementor-widget elementor-widget-text-editor\" data-id=\"541a10b\" data-element_type=\"widget\" data-e-type=\"widget\" data-settings=\"{&quot;_animation&quot;:&quot;fadeInUp&quot;}\" data-widget_type=\"text-editor.default\">\n\t\t\t\t<div class=\"elementor-widget-container\">\n\t\t\t\t\t\t\t\t\t<p>O sistema BRFLOR roda e armazena todas as informa\u00e7\u00f5es na nuvem. Isso elimina o risco da empresa perder seus dados armazenados em um HD por causa de defeitos de hardware, invas\u00e3o cibern\u00e9tica ou outros problemas.<\/p>\t\t\t\t\t\t\t\t<\/div>\n\t\t\t\t<\/div>\n\t\t\t\t<div class=\"elementor-element elementor-element-e79392b elementor-invisible elementor-widget elementor-widget-heading\" data-id=\"e79392b\" data-element_type=\"widget\" data-e-type=\"widget\" data-settings=\"{&quot;_animation&quot;:&quot;fadeInUp&quot;}\" data-widget_type=\"heading.default\">\n\t\t\t\t<div class=\"elementor-widget-container\">\n\t\t\t\t\t<h2 class=\"elementor-heading-title elementor-size-default\">Por que tenho que ter todo o controle de cust\u00f3dia do meu empreendimento?<\/h2>\t\t\t\t<\/div>\n\t\t\t\t<\/div>\n\t\t\t\t<div class=\"elementor-element elementor-element-a9ff247 elementor-invisible elementor-widget elementor-widget-text-editor\" data-id=\"a9ff247\" data-element_type=\"widget\" data-e-type=\"widget\" data-settings=\"{&quot;_animation&quot;:&quot;fadeInUp&quot;}\" data-widget_type=\"text-editor.default\">\n\t\t\t\t<div class=\"elementor-widget-container\">\n\t\t\t\t\t\t\t\t\t<p>Chegamos a um ponto em que a rastreabilidade da cadeia produtiva \u00e9 uma necessidade, e n\u00e3o mais uma op\u00e7\u00e3o.<\/p><p>Comprovar a origem dos produtos de origem florestal, desde a produ\u00e7\u00e3o da mat\u00e9ria-prima que sai das florestas at\u00e9 o produto que chega ao consumidor final, garante que os mesmos sejam de proced\u00eancia legal e sustent\u00e1vel.<\/p><p>Ou seja, as empresas do setor madeireiro podem seguir tranquilas com o sistema BRFLOR, que garante a rastreabilidade da madeira tropical ao longo de toda a cadeia de produ\u00e7\u00e3o, desde a \u00e1rea de manejo, al\u00e9m de permitir o controle de todas as opera\u00e7\u00f5es. Tudo isso na palma da sua m\u00e3o!<\/p>\t\t\t\t\t\t\t\t<\/div>\n\t\t\t\t<\/div>\n\t\t\t\t\t<\/div>\n\t\t<\/div>\n\t\t\t\t\t<\/div>\n\t\t<\/section>\n\t\t\t\t\t<\/div>\n\t\t<\/div>\n\t\t\t\t\t<\/div>\n\t\t<\/section>\n\t\t\t\t<\/div>\n\t\t","protected":false},"excerpt":{"rendered":"<p>Perguntas Frequentes Qual a import\u00e2ncia de se ter um planejamento estrat\u00e9gico em minha empresa? Essa etapa \u00e9 essencial e traz diversos benef\u00edcios para os empreendimentos do setor florestal e madeireiro, reduzindo consideravelmente as probabilidades de erros e falhas operacionais em atividades de manejo florestal, colheita, controle de documenta\u00e7\u00f5es, romaneios e outras etapas do processo produtivo [&hellip;]<\/p>\n","protected":false},"author":1,"featured_media":0,"parent":0,"menu_order":0,"comment_status":"closed","ping_status":"closed","template":"","meta":{"inline_featured_image":false,"footnotes":""},"class_list":["post-2335","page","type-page","status-publish","hentry"],"_links":{"self":[{"href":"https:\/\/brflor.com\/index.php\/wp-json\/wp\/v2\/pages\/2335","targetHints":{"allow":["GET"]}}],"collection":[{"href":"https:\/\/brflor.com\/index.php\/wp-json\/wp\/v2\/pages"}],"about":[{"href":"https:\/\/brflor.com\/index.php\/wp-json\/wp\/v2\/types\/page"}],"author":[{"embeddable":true,"href":"https:\/\/brflor.com\/index.php\/wp-json\/wp\/v2\/users\/1"}],"replies":[{"embeddable":true,"href":"https:\/\/brflor.com\/index.php\/wp-json\/wp\/v2\/comments?post=2335"}],"version-history":[{"count":55,"href":"https:\/\/brflor.com\/index.php\/wp-json\/wp\/v2\/pages\/2335\/revisions"}],"predecessor-version":[{"id":2617,"href":"https:\/\/brflor.com\/index.php\/wp-json\/wp\/v2\/pages\/2335\/revisions\/2617"}],"wp:attachment":[{"href":"https:\/\/brflor.com\/index.php\/wp-json\/wp\/v2\/media?parent=2335"}],"curies":[{"name":"wp","href":"https:\/\/api.w.org\/{rel}","templated":true}]}}