{"id":2174,"date":"2024-10-21T17:44:51","date_gmt":"2024-10-21T20:44:51","guid":{"rendered":"https:\/\/brflor.com\/br\/?page_id=2174"},"modified":"2025-02-19T16:51:10","modified_gmt":"2025-02-19T19:51:10","slug":"sustentabilidade","status":"publish","type":"page","link":"https:\/\/brflor.com\/index.php\/sustentabilidade\/","title":{"rendered":"Sustentabilidade"},"content":{"rendered":"\t\t<div data-elementor-type=\"wp-page\" data-elementor-id=\"2174\" class=\"elementor elementor-2174\" data-elementor-settings=\"{&quot;ha_cmc_init_switcher&quot;:&quot;no&quot;}\" data-elementor-post-type=\"page\">\n\t\t\t\t\t\t<section class=\"elementor-section elementor-top-section elementor-element elementor-element-256b82b2 elementor-section-height-min-height elementor-section-content-middle elementor-section-boxed elementor-section-height-default elementor-section-items-middle\" data-id=\"256b82b2\" data-element_type=\"section\" data-e-type=\"section\" data-settings=\"{&quot;background_background&quot;:&quot;classic&quot;,&quot;_ha_eqh_enable&quot;:false}\">\n\t\t\t\t\t\t\t<div class=\"elementor-background-overlay\"><\/div>\n\t\t\t\t\t\t\t<div class=\"elementor-container elementor-column-gap-default\">\n\t\t\t\t\t<div class=\"elementor-column elementor-col-100 elementor-top-column elementor-element elementor-element-2976b476\" data-id=\"2976b476\" data-element_type=\"column\" data-e-type=\"column\">\n\t\t\t<div class=\"elementor-widget-wrap elementor-element-populated\">\n\t\t\t\t\t\t<div class=\"elementor-element elementor-element-711273fc elementor-invisible elementor-widget elementor-widget-elementskit-heading\" data-id=\"711273fc\" data-element_type=\"widget\" data-e-type=\"widget\" data-settings=\"{&quot;_animation&quot;:&quot;fadeInUp&quot;}\" data-widget_type=\"elementskit-heading.default\">\n\t\t\t\t<div class=\"elementor-widget-container\">\n\t\t\t\t\t<div class=\"ekit-wid-con\" ><div class=\"ekit-heading elementskit-section-title-wraper center   ekit_heading_tablet-   ekit_heading_mobile-\"><h2 class=\"ekit-heading--title elementskit-section-title \">Competi\u00e7\u00e3o <span><span>Desleal e Imoral<\/span><\/span><\/h2><\/div><\/div>\t\t\t\t<\/div>\n\t\t\t\t<\/div>\n\t\t\t\t\t<\/div>\n\t\t<\/div>\n\t\t\t\t\t<\/div>\n\t\t<\/section>\n\t\t\t\t<section class=\"elementor-section elementor-top-section elementor-element elementor-element-badd74c elementor-section-boxed elementor-section-height-default elementor-section-height-default\" data-id=\"badd74c\" data-element_type=\"section\" data-e-type=\"section\" data-settings=\"{&quot;background_background&quot;:&quot;classic&quot;,&quot;_ha_eqh_enable&quot;:false}\">\n\t\t\t\t\t\t<div class=\"elementor-container elementor-column-gap-default\">\n\t\t\t\t\t<div class=\"elementor-column elementor-col-100 elementor-top-column elementor-element elementor-element-448cbea\" data-id=\"448cbea\" data-element_type=\"column\" data-e-type=\"column\">\n\t\t\t<div class=\"elementor-widget-wrap elementor-element-populated\">\n\t\t\t\t\t\t<section class=\"elementor-section elementor-inner-section elementor-element elementor-element-1f8a7b8 elementor-section-boxed elementor-section-height-default elementor-section-height-default\" data-id=\"1f8a7b8\" data-element_type=\"section\" data-e-type=\"section\" data-settings=\"{&quot;_ha_eqh_enable&quot;:false}\">\n\t\t\t\t\t\t<div class=\"elementor-container elementor-column-gap-default\">\n\t\t\t\t\t<div class=\"elementor-column elementor-col-100 elementor-inner-column elementor-element elementor-element-8c324e1\" data-id=\"8c324e1\" data-element_type=\"column\" data-e-type=\"column\">\n\t\t\t<div class=\"elementor-widget-wrap elementor-element-populated\">\n\t\t\t\t\t\t<div class=\"elementor-element elementor-element-03137b1 elementor-invisible elementor-widget elementor-widget-text-editor\" data-id=\"03137b1\" data-element_type=\"widget\" data-e-type=\"widget\" data-settings=\"{&quot;_animation&quot;:&quot;fadeInUp&quot;}\" data-widget_type=\"text-editor.default\">\n\t\t\t\t<div class=\"elementor-widget-container\">\n\t\t\t\t\t\t\t\t\t<p>96% do desmatamento no mundo ocorre nos tr\u00f3picos. Em 2023, 30% do desmatamento em florestas tropicais nativas ocorreu no Brasil, com uma perda de 1,14 milh\u00e3o de hectares. (Fonte: GFW\/WRI, 2023).<\/p><p>Por meio de fraudes nos sistemas de controle e fiscaliza\u00e7\u00e3o, parte desta madeira de origem ilegal \u00e9 inserida no mercado. Isso gera uma competi\u00e7\u00e3o desleal, e abala ainda mais a j\u00e1 desgastada imagem do setor madeireiro, prejudicando as empresas que atuam dentro de padr\u00f5es legais e de sustentabilidade.<\/p>\t\t\t\t\t\t\t\t<\/div>\n\t\t\t\t<\/div>\n\t\t\t\t\t<\/div>\n\t\t<\/div>\n\t\t\t\t\t<\/div>\n\t\t<\/section>\n\t\t\t\t\t<\/div>\n\t\t<\/div>\n\t\t\t\t\t<\/div>\n\t\t<\/section>\n\t\t\t\t<section class=\"elementor-section elementor-top-section elementor-element elementor-element-4c03d188 elementor-section-boxed elementor-section-height-default elementor-section-height-default\" data-id=\"4c03d188\" data-element_type=\"section\" data-e-type=\"section\" data-settings=\"{&quot;background_background&quot;:&quot;classic&quot;,&quot;_ha_eqh_enable&quot;:false}\">\n\t\t\t\t\t\t<div class=\"elementor-container elementor-column-gap-default\">\n\t\t\t\t\t<div class=\"elementor-column elementor-col-50 elementor-top-column elementor-element elementor-element-1e675429\" data-id=\"1e675429\" data-element_type=\"column\" data-e-type=\"column\" data-settings=\"{&quot;background_background&quot;:&quot;classic&quot;}\">\n\t\t\t<div class=\"elementor-widget-wrap elementor-element-populated\">\n\t\t\t\t\t\t<div class=\"elementor-element elementor-element-5f63c478 elementor-widget elementor-widget-spacer\" data-id=\"5f63c478\" data-element_type=\"widget\" data-e-type=\"widget\" data-widget_type=\"spacer.default\">\n\t\t\t\t<div class=\"elementor-widget-container\">\n\t\t\t\t\t\t\t<div class=\"elementor-spacer\">\n\t\t\t<div class=\"elementor-spacer-inner\"><\/div>\n\t\t<\/div>\n\t\t\t\t\t\t<\/div>\n\t\t\t\t<\/div>\n\t\t\t\t<div class=\"elementor-element elementor-element-76d9e473 elementor-widget elementor-widget-spacer\" data-id=\"76d9e473\" data-element_type=\"widget\" data-e-type=\"widget\" data-widget_type=\"spacer.default\">\n\t\t\t\t<div class=\"elementor-widget-container\">\n\t\t\t\t\t\t\t<div class=\"elementor-spacer\">\n\t\t\t<div class=\"elementor-spacer-inner\"><\/div>\n\t\t<\/div>\n\t\t\t\t\t\t<\/div>\n\t\t\t\t<\/div>\n\t\t\t\t\t<\/div>\n\t\t<\/div>\n\t\t\t\t<div class=\"elementor-column elementor-col-50 elementor-top-column elementor-element elementor-element-41ec053a\" data-id=\"41ec053a\" data-element_type=\"column\" data-e-type=\"column\">\n\t\t\t<div class=\"elementor-widget-wrap elementor-element-populated\">\n\t\t\t\t\t\t<section class=\"elementor-section elementor-top-section elementor-element elementor-element-4158007c elementor-section-boxed elementor-section-height-default elementor-section-height-default\" data-id=\"4158007c\" data-element_type=\"section\" data-e-type=\"section\" data-settings=\"{&quot;_ha_eqh_enable&quot;:false}\">\n\t\t\t\t\t\t<div class=\"elementor-container elementor-column-gap-default\">\n\t\t\t\t\t<div class=\"elementor-column elementor-col-100 elementor-top-column elementor-element elementor-element-a600c55\" data-id=\"a600c55\" data-element_type=\"column\" data-e-type=\"column\">\n\t\t\t<div class=\"elementor-widget-wrap elementor-element-populated\">\n\t\t\t\t\t\t<div class=\"elementor-element elementor-element-2cbee85 elementor-invisible elementor-widget elementor-widget-text-editor\" data-id=\"2cbee85\" data-element_type=\"widget\" data-e-type=\"widget\" data-settings=\"{&quot;_animation&quot;:&quot;fadeInUp&quot;}\" data-widget_type=\"text-editor.default\">\n\t\t\t\t<div class=\"elementor-widget-container\">\n\t\t\t\t\t\t\t\t\t<p>Nas \u00e1reas de manejo florestal s\u00e3o colhidas apenas as \u00e1rvores maduras previamente selecionadas, de acordo com todas as leis ambientais. Depois que o plano aprovado \u00e9 executado, a \u00e1rea \u00e9 isolada para que as \u00e1rvores que foram retiradas deem espa\u00e7o a uma nova vegeta\u00e7\u00e3o, garantindo assim a renova\u00e7\u00e3o da cobertura vegetal e a manuten\u00e7\u00e3o da biodiversidade.<\/p><p>Ao conservar e gerenciar nossas \u00e1reas florestais de forma sustent\u00e1vel, contribu\u00edmos significativamente para a redu\u00e7\u00e3o de carbono da atmosfera. Cada \u00e1rvore atua como um gigante verde, absorvendo o carbono prejudicial e transformando-o em oxig\u00eanio puro, vital para a vida em nosso planeta.<\/p>\t\t\t\t\t\t\t\t<\/div>\n\t\t\t\t<\/div>\n\t\t\t\t\t<\/div>\n\t\t<\/div>\n\t\t\t\t\t<\/div>\n\t\t<\/section>\n\t\t\t\t\t<\/div>\n\t\t<\/div>\n\t\t\t\t\t<\/div>\n\t\t<\/section>\n\t\t\t\t<section class=\"elementor-section elementor-top-section elementor-element elementor-element-a6fcc5e elementor-section-boxed elementor-section-height-default elementor-section-height-default\" data-id=\"a6fcc5e\" data-element_type=\"section\" data-e-type=\"section\" data-settings=\"{&quot;background_background&quot;:&quot;classic&quot;,&quot;_ha_eqh_enable&quot;:false}\">\n\t\t\t\t\t\t<div class=\"elementor-container elementor-column-gap-default\">\n\t\t\t\t\t<div class=\"elementor-column elementor-col-100 elementor-top-column elementor-element elementor-element-a71c995\" data-id=\"a71c995\" data-element_type=\"column\" data-e-type=\"column\">\n\t\t\t<div class=\"elementor-widget-wrap elementor-element-populated\">\n\t\t\t\t\t\t<section class=\"elementor-section elementor-inner-section elementor-element elementor-element-d066a57 elementor-section-boxed elementor-section-height-default elementor-section-height-default\" data-id=\"d066a57\" data-element_type=\"section\" data-e-type=\"section\" data-settings=\"{&quot;_ha_eqh_enable&quot;:false}\">\n\t\t\t\t\t\t<div class=\"elementor-container elementor-column-gap-default\">\n\t\t\t\t\t<div class=\"elementor-column elementor-col-50 elementor-inner-column elementor-element elementor-element-58eb76f\" data-id=\"58eb76f\" data-element_type=\"column\" data-e-type=\"column\">\n\t\t\t<div class=\"elementor-widget-wrap elementor-element-populated\">\n\t\t\t\t\t\t<div class=\"elementor-element elementor-element-4c3b25d elementor-invisible elementor-widget elementor-widget-text-editor\" data-id=\"4c3b25d\" data-element_type=\"widget\" data-e-type=\"widget\" data-settings=\"{&quot;_animation&quot;:&quot;fadeInUp&quot;}\" data-widget_type=\"text-editor.default\">\n\t\t\t\t<div class=\"elementor-widget-container\">\n\t\t\t\t\t\t\t\t\t<p>Al\u00e9m de abrigar uma vasta biodiversidade e riquezas naturais, as florestas t\u00eam papel crucial na regula\u00e7\u00e3o do clima, do ciclo h\u00eddrico e na redu\u00e7\u00e3o dos impactos das mudan\u00e7as clim\u00e1ticas. Isso faz com que o manejo florestal seja uma atividade que propicia a gera\u00e7\u00e3o de emprego, renda e novos neg\u00f3cios na cadeia produtiva da madeira, sem prejudicar o meio ambiente.<\/p>\t\t\t\t\t\t\t\t<\/div>\n\t\t\t\t<\/div>\n\t\t\t\t\t<\/div>\n\t\t<\/div>\n\t\t\t\t<div class=\"elementor-column elementor-col-50 elementor-inner-column elementor-element elementor-element-8b45f81\" data-id=\"8b45f81\" data-element_type=\"column\" data-e-type=\"column\">\n\t\t\t<div class=\"elementor-widget-wrap elementor-element-populated\">\n\t\t\t\t\t\t<div class=\"elementor-element elementor-element-541a10b elementor-invisible elementor-widget elementor-widget-text-editor\" data-id=\"541a10b\" data-element_type=\"widget\" data-e-type=\"widget\" data-settings=\"{&quot;_animation&quot;:&quot;fadeInUp&quot;}\" data-widget_type=\"text-editor.default\">\n\t\t\t\t<div class=\"elementor-widget-container\">\n\t\t\t\t\t\t\t\t\t<p>Aqui na BRFLOR, estamos comprometidos em fornecer solu\u00e7\u00f5es avan\u00e7adas para o manejo florestal, promovendo a preserva\u00e7\u00e3o de nossas florestas e a sa\u00fade de nosso ecossistema global.<\/p>\t\t\t\t\t\t\t\t<\/div>\n\t\t\t\t<\/div>\n\t\t\t\t\t<\/div>\n\t\t<\/div>\n\t\t\t\t\t<\/div>\n\t\t<\/section>\n\t\t\t\t\t<\/div>\n\t\t<\/div>\n\t\t\t\t\t<\/div>\n\t\t<\/section>\n\t\t<div class=\"elementor-element elementor-element-e57638a e-flex e-con-boxed e-con e-parent\" data-id=\"e57638a\" data-element_type=\"container\" data-e-type=\"container\" data-settings=\"{&quot;_ha_eqh_enable&quot;:false}\">\n\t\t\t\t\t<div class=\"e-con-inner\">\n\t\t<div class=\"elementor-element elementor-element-de094af e-con-full e-flex e-con e-child\" data-id=\"de094af\" data-element_type=\"container\" data-e-type=\"container\" data-settings=\"{&quot;_ha_eqh_enable&quot;:false}\">\n\t\t<div class=\"elementor-element elementor-element-65090e6 e-con-full e-flex elementor-invisible e-con e-child\" data-id=\"65090e6\" data-element_type=\"container\" data-e-type=\"container\" data-settings=\"{&quot;background_background&quot;:&quot;classic&quot;,&quot;animation&quot;:&quot;fadeInUp&quot;,&quot;_ha_eqh_enable&quot;:false}\">\n\t\t<div class=\"elementor-element elementor-element-5391fae e-grid e-con-full e-con e-child\" data-id=\"5391fae\" data-element_type=\"container\" data-e-type=\"container\" data-settings=\"{&quot;_ha_eqh_enable&quot;:false}\">\n\t\t\t\t<div class=\"elementor-element elementor-element-910ec36 elementor-widget elementor-widget-text-editor\" data-id=\"910ec36\" data-element_type=\"widget\" data-e-type=\"widget\" data-widget_type=\"text-editor.default\">\n\t\t\t\t<div class=\"elementor-widget-container\">\n\t\t\t\t\t\t\t\t\t<p>\u00c9 floresta viva, segura e protegida para o Brasil e para o mundo!<\/p>\t\t\t\t\t\t\t\t<\/div>\n\t\t\t\t<\/div>\n\t\t\t\t<\/div>\n\t\t\t\t<\/div>\n\t\t\t\t<\/div>\n\t\t\t\t\t<\/div>\n\t\t\t\t<\/div>\n\t\t\t\t<\/div>\n\t\t","protected":false},"excerpt":{"rendered":"<p>Competi\u00e7\u00e3o Desleal e Imoral 96% do desmatamento no mundo ocorre nos tr\u00f3picos. Em 2023, 30% do desmatamento em florestas tropicais nativas ocorreu no Brasil, com uma perda de 1,14 milh\u00e3o de hectares. (Fonte: GFW\/WRI, 2023). Por meio de fraudes nos sistemas de controle e fiscaliza\u00e7\u00e3o, parte desta madeira de origem ilegal \u00e9 inserida no mercado. [&hellip;]<\/p>\n","protected":false},"author":1,"featured_media":0,"parent":0,"menu_order":0,"comment_status":"closed","ping_status":"closed","template":"","meta":{"inline_featured_image":false,"footnotes":""},"class_list":["post-2174","page","type-page","status-publish","hentry"],"_links":{"self":[{"href":"https:\/\/brflor.com\/index.php\/wp-json\/wp\/v2\/pages\/2174","targetHints":{"allow":["GET"]}}],"collection":[{"href":"https:\/\/brflor.com\/index.php\/wp-json\/wp\/v2\/pages"}],"about":[{"href":"https:\/\/brflor.com\/index.php\/wp-json\/wp\/v2\/types\/page"}],"author":[{"embeddable":true,"href":"https:\/\/brflor.com\/index.php\/wp-json\/wp\/v2\/users\/1"}],"replies":[{"embeddable":true,"href":"https:\/\/brflor.com\/index.php\/wp-json\/wp\/v2\/comments?post=2174"}],"version-history":[{"count":79,"href":"https:\/\/brflor.com\/index.php\/wp-json\/wp\/v2\/pages\/2174\/revisions"}],"predecessor-version":[{"id":2611,"href":"https:\/\/brflor.com\/index.php\/wp-json\/wp\/v2\/pages\/2174\/revisions\/2611"}],"wp:attachment":[{"href":"https:\/\/brflor.com\/index.php\/wp-json\/wp\/v2\/media?parent=2174"}],"curies":[{"name":"wp","href":"https:\/\/api.w.org\/{rel}","templated":true}]}}