{"id":1908,"date":"2024-10-20T12:53:22","date_gmt":"2024-10-20T15:53:22","guid":{"rendered":"https:\/\/brflor.com\/br\/?page_id=1908"},"modified":"2025-02-16T17:42:50","modified_gmt":"2025-02-16T20:42:50","slug":"modulo-industria","status":"publish","type":"page","link":"https:\/\/brflor.com\/index.php\/modulo-industria\/","title":{"rendered":"M\u00f3dulo Ind\u00fastria"},"content":{"rendered":"\t\t<div data-elementor-type=\"wp-page\" data-elementor-id=\"1908\" class=\"elementor elementor-1908\" data-elementor-settings=\"{&quot;ha_cmc_init_switcher&quot;:&quot;no&quot;}\" data-elementor-post-type=\"page\">\n\t\t\t\t\t\t<section class=\"elementor-section elementor-top-section elementor-element elementor-element-256b82b2 elementor-section-height-min-height elementor-section-content-middle elementor-section-boxed elementor-section-height-default elementor-section-items-middle\" data-id=\"256b82b2\" data-element_type=\"section\" data-e-type=\"section\" data-settings=\"{&quot;background_background&quot;:&quot;classic&quot;,&quot;_ha_eqh_enable&quot;:false}\">\n\t\t\t\t\t\t\t<div class=\"elementor-background-overlay\"><\/div>\n\t\t\t\t\t\t\t<div class=\"elementor-container elementor-column-gap-default\">\n\t\t\t\t\t<div class=\"elementor-column elementor-col-100 elementor-top-column elementor-element elementor-element-2976b476\" data-id=\"2976b476\" data-element_type=\"column\" data-e-type=\"column\">\n\t\t\t<div class=\"elementor-widget-wrap elementor-element-populated\">\n\t\t\t\t\t\t<div class=\"elementor-element elementor-element-711273fc elementor-invisible elementor-widget elementor-widget-elementskit-heading\" data-id=\"711273fc\" data-element_type=\"widget\" data-e-type=\"widget\" data-settings=\"{&quot;_animation&quot;:&quot;fadeInUp&quot;}\" data-widget_type=\"elementskit-heading.default\">\n\t\t\t\t<div class=\"elementor-widget-container\">\n\t\t\t\t\t<div class=\"ekit-wid-con\" ><div class=\"ekit-heading elementskit-section-title-wraper center   ekit_heading_tablet-   ekit_heading_mobile-\"><h2 class=\"ekit-heading--title elementskit-section-title \">M\u00f3dulo <span><span>Ind\u00fastria<\/span><\/span><\/h2>\t\t\t\t<div class='ekit-heading__description'>\n\t\t\t\t\t<p>Feito para quem trabalha a madeira. E com criatividade!<\/p>\n\t\t\t\t<\/div>\n\t\t\t<\/div><\/div>\t\t\t\t<\/div>\n\t\t\t\t<\/div>\n\t\t\t\t\t<\/div>\n\t\t<\/div>\n\t\t\t\t\t<\/div>\n\t\t<\/section>\n\t\t\t\t<section class=\"elementor-section elementor-top-section elementor-element elementor-element-138057b elementor-section-boxed elementor-section-height-default elementor-section-height-default\" data-id=\"138057b\" data-element_type=\"section\" data-e-type=\"section\" data-settings=\"{&quot;background_background&quot;:&quot;classic&quot;,&quot;_ha_eqh_enable&quot;:false}\">\n\t\t\t\t\t\t<div class=\"elementor-container elementor-column-gap-default\">\n\t\t\t\t\t<div class=\"elementor-column elementor-col-33 elementor-top-column elementor-element elementor-element-7cfdbe3 elementor-invisible\" data-id=\"7cfdbe3\" data-element_type=\"column\" data-e-type=\"column\" data-settings=\"{&quot;animation&quot;:&quot;fadeInUp&quot;,&quot;background_background&quot;:&quot;classic&quot;}\">\n\t\t\t<div class=\"elementor-widget-wrap\">\n\t\t\t\t\t\t\t<\/div>\n\t\t<\/div>\n\t\t\t\t<div class=\"elementor-column elementor-col-33 elementor-top-column elementor-element elementor-element-151f633 elementor-invisible\" data-id=\"151f633\" data-element_type=\"column\" data-e-type=\"column\" data-settings=\"{&quot;animation&quot;:&quot;fadeInUp&quot;,&quot;background_background&quot;:&quot;classic&quot;}\">\n\t\t\t<div class=\"elementor-widget-wrap elementor-element-populated\">\n\t\t\t\t\t\t<section class=\"elementor-section elementor-inner-section elementor-element elementor-element-bdc1d9b elementor-section-boxed elementor-section-height-default elementor-section-height-default elementor-invisible\" data-id=\"bdc1d9b\" data-element_type=\"section\" data-e-type=\"section\" data-settings=\"{&quot;animation&quot;:&quot;fadeInUp&quot;,&quot;_ha_eqh_enable&quot;:false}\">\n\t\t\t\t\t\t<div class=\"elementor-container elementor-column-gap-default\">\n\t\t\t\t\t<div class=\"elementor-column elementor-col-100 elementor-inner-column elementor-element elementor-element-04e3ddd\" data-id=\"04e3ddd\" data-element_type=\"column\" data-e-type=\"column\">\n\t\t\t<div class=\"elementor-widget-wrap elementor-element-populated\">\n\t\t\t\t\t\t<div class=\"elementor-element elementor-element-5bf77bc elementor-widget elementor-widget-text-editor\" data-id=\"5bf77bc\" data-element_type=\"widget\" data-e-type=\"widget\" data-widget_type=\"text-editor.default\">\n\t\t\t\t<div class=\"elementor-widget-container\">\n\t\t\t\t\t\t\t\t\t<p>Com foco na busca por solu\u00e7\u00f5es para nossos clientes, foi desenvolvido este m\u00f3dulo voltado exclusivamente para unidades de beneficiamento da madeira, como serrarias e outros empreendimentos.<\/p><p>Com o M\u00f3dulo Ind\u00fastria do BRFLOR voc\u00ea tem sempre \u00e0 m\u00e3o, e em qualquer lugar, um sistema de gest\u00e3o que proporciona controle total sobre o beneficiamento e fabrica\u00e7\u00e3o de produtos de madeira, com rastreabilidade da mat\u00e9ria-prima desde a floresta.<\/p><p>Isso facilita a comprova\u00e7\u00e3o de que suas opera\u00e7\u00f5es est\u00e3o em conformidade com as mais rigorosas legisla\u00e7\u00f5es dos \u00f3rg\u00e3os ambientais nacionais e internacionais, proporcionando toda a seguran\u00e7a necess\u00e1ria em qualquer ponto da cadeia de cust\u00f3dia.<\/p>\t\t\t\t\t\t\t\t<\/div>\n\t\t\t\t<\/div>\n\t\t\t\t\t<\/div>\n\t\t<\/div>\n\t\t\t\t\t<\/div>\n\t\t<\/section>\n\t\t\t\t\t<\/div>\n\t\t<\/div>\n\t\t\t\t<div class=\"elementor-column elementor-col-33 elementor-top-column elementor-element elementor-element-8f475a5 elementor-invisible\" data-id=\"8f475a5\" data-element_type=\"column\" data-e-type=\"column\" data-settings=\"{&quot;animation&quot;:&quot;fadeInUp&quot;}\">\n\t\t\t<div class=\"elementor-widget-wrap\">\n\t\t\t\t\t\t\t<\/div>\n\t\t<\/div>\n\t\t\t\t\t<\/div>\n\t\t<\/section>\n\t\t\t\t<section class=\"elementor-section elementor-top-section elementor-element elementor-element-394ef252 elementor-section-content-middle elementor-section-boxed elementor-section-height-default elementor-section-height-default\" data-id=\"394ef252\" data-element_type=\"section\" data-e-type=\"section\" data-settings=\"{&quot;background_background&quot;:&quot;classic&quot;,&quot;_ha_eqh_enable&quot;:false}\">\n\t\t\t\t\t\t<div class=\"elementor-container elementor-column-gap-default\">\n\t\t\t\t\t<div class=\"elementor-column elementor-col-50 elementor-top-column elementor-element elementor-element-53ea1de\" data-id=\"53ea1de\" data-element_type=\"column\" data-e-type=\"column\">\n\t\t\t<div class=\"elementor-widget-wrap elementor-element-populated\">\n\t\t\t\t\t\t<div class=\"elementor-element elementor-element-dad286d elementor-invisible elementor-widget elementor-widget-text-editor\" data-id=\"dad286d\" data-element_type=\"widget\" data-e-type=\"widget\" data-settings=\"{&quot;_animation&quot;:&quot;fadeInUp&quot;}\" data-widget_type=\"text-editor.default\">\n\t\t\t\t<div class=\"elementor-widget-container\">\n\t\t\t\t\t\t\t\t\t<p>Os dados de cada etapa s\u00e3o coletados, armazenados com seguran\u00e7a e organizados em relat\u00f3rios e pain\u00e9is de controle com informa\u00e7\u00f5es em tempo real. Uma ferramenta pr\u00e1tica que permite medir o desempenho e tomar decis\u00f5es estrat\u00e9gicas com seguran\u00e7a.\u00a0<\/p><p>O sistema BRFLOR tamb\u00e9m simplifica processos fundamentais. A cubagem, por exemplo, pode ser realizada no campo ou no p\u00e1tio diretamente em um tablet ou smartphone, mesmo offline. Outra facilidade \u00e9 o controle da expedi\u00e7\u00e3o da madeira, que integra o romaneio e a emiss\u00e3o de nota fiscal, eliminando a necessidade de outros programas.<\/p>\t\t\t\t\t\t\t\t<\/div>\n\t\t\t\t<\/div>\n\t\t\t\t\t<\/div>\n\t\t<\/div>\n\t\t\t\t<div class=\"elementor-column elementor-col-50 elementor-top-column elementor-element elementor-element-73202e8b\" data-id=\"73202e8b\" data-element_type=\"column\" data-e-type=\"column\">\n\t\t\t<div class=\"elementor-widget-wrap elementor-element-populated\">\n\t\t\t\t\t\t<div class=\"elementor-element elementor-element-21411809 elementor-invisible elementor-widget elementor-widget-image\" data-id=\"21411809\" data-element_type=\"widget\" data-e-type=\"widget\" data-settings=\"{&quot;_animation&quot;:&quot;fadeInUp&quot;}\" data-widget_type=\"image.default\">\n\t\t\t\t<div class=\"elementor-widget-container\">\n\t\t\t\t\t\t\t\t\t\t\t\t\t\t\t<img fetchpriority=\"high\" decoding=\"async\" width=\"2074\" height=\"1344\" src=\"https:\/\/brflor.com\/wp-content\/uploads\/2024\/10\/flat-devices-mockup.png\" class=\"attachment-full size-full wp-image-1731\" alt=\"\" srcset=\"https:\/\/brflor.com\/wp-content\/uploads\/2024\/10\/flat-devices-mockup.png 2074w, https:\/\/brflor.com\/wp-content\/uploads\/2024\/10\/flat-devices-mockup-300x194.png 300w, https:\/\/brflor.com\/wp-content\/uploads\/2024\/10\/flat-devices-mockup-1024x664.png 1024w, https:\/\/brflor.com\/wp-content\/uploads\/2024\/10\/flat-devices-mockup-768x498.png 768w, https:\/\/brflor.com\/wp-content\/uploads\/2024\/10\/flat-devices-mockup-1536x995.png 1536w, https:\/\/brflor.com\/wp-content\/uploads\/2024\/10\/flat-devices-mockup-2048x1327.png 2048w, https:\/\/brflor.com\/wp-content\/uploads\/2024\/10\/flat-devices-mockup-24x16.png 24w, https:\/\/brflor.com\/wp-content\/uploads\/2024\/10\/flat-devices-mockup-36x23.png 36w, https:\/\/brflor.com\/wp-content\/uploads\/2024\/10\/flat-devices-mockup-48x31.png 48w\" sizes=\"(max-width: 2074px) 100vw, 2074px\" \/>\t\t\t\t\t\t\t\t\t\t\t\t\t\t\t<\/div>\n\t\t\t\t<\/div>\n\t\t\t\t\t<\/div>\n\t\t<\/div>\n\t\t\t\t\t<\/div>\n\t\t<\/section>\n\t\t\t\t<section class=\"elementor-section elementor-top-section elementor-element elementor-element-189608b6 elementor-section-boxed elementor-section-height-default elementor-section-height-default\" data-id=\"189608b6\" data-element_type=\"section\" data-e-type=\"section\" data-settings=\"{&quot;background_background&quot;:&quot;classic&quot;,&quot;_ha_eqh_enable&quot;:false}\">\n\t\t\t\t\t\t<div class=\"elementor-container elementor-column-gap-default\">\n\t\t\t\t\t<div class=\"elementor-column elementor-col-50 elementor-top-column elementor-element elementor-element-4a439c87\" data-id=\"4a439c87\" data-element_type=\"column\" data-e-type=\"column\" data-settings=\"{&quot;background_background&quot;:&quot;classic&quot;}\">\n\t\t\t<div class=\"elementor-widget-wrap\">\n\t\t\t\t\t\t\t<\/div>\n\t\t<\/div>\n\t\t\t\t<div class=\"elementor-column elementor-col-50 elementor-top-column elementor-element elementor-element-374f44b elementor-invisible\" data-id=\"374f44b\" data-element_type=\"column\" data-e-type=\"column\" data-settings=\"{&quot;background_background&quot;:&quot;classic&quot;,&quot;animation&quot;:&quot;fadeInUp&quot;}\">\n\t\t\t<div class=\"elementor-widget-wrap elementor-element-populated\">\n\t\t\t\t\t\t<div class=\"elementor-element elementor-element-3d304b60 elementor-widget elementor-widget-text-editor\" data-id=\"3d304b60\" data-element_type=\"widget\" data-e-type=\"widget\" data-widget_type=\"text-editor.default\">\n\t\t\t\t<div class=\"elementor-widget-container\">\n\t\t\t\t\t\t\t\t\t<p>A rastreabilidade completa dos produtos madeireiros, desde a \u00e1rvore na floresta at\u00e9 o produto final, tamb\u00e9m est\u00e1 garantida. Com a simples leitura de um QR Code, \u00e9 poss\u00edvel consultar a origem georreferenciada, a trajet\u00f3ria da madeira e todos os dados relacionados a ela.\u00a0<\/p>\t\t\t\t\t\t\t\t<\/div>\n\t\t\t\t<\/div>\n\t\t\t\t\t<\/div>\n\t\t<\/div>\n\t\t\t\t\t<\/div>\n\t\t<\/section>\n\t\t\t\t<section class=\"elementor-section elementor-top-section elementor-element elementor-element-a6d3911 elementor-section-boxed elementor-section-height-default elementor-section-height-default\" data-id=\"a6d3911\" data-element_type=\"section\" data-e-type=\"section\" data-settings=\"{&quot;background_background&quot;:&quot;classic&quot;,&quot;_ha_eqh_enable&quot;:false}\">\n\t\t\t\t\t\t<div class=\"elementor-container elementor-column-gap-default\">\n\t\t\t\t\t<div class=\"elementor-column elementor-col-50 elementor-top-column elementor-element elementor-element-0b318e7\" data-id=\"0b318e7\" data-element_type=\"column\" data-e-type=\"column\">\n\t\t\t<div class=\"elementor-widget-wrap elementor-element-populated\">\n\t\t\t\t\t\t<div class=\"elementor-element elementor-element-94fdf66 elementor-invisible elementor-widget elementor-widget-text-editor\" data-id=\"94fdf66\" data-element_type=\"widget\" data-e-type=\"widget\" data-settings=\"{&quot;_animation&quot;:&quot;fadeInUp&quot;}\" data-widget_type=\"text-editor.default\">\n\t\t\t\t<div class=\"elementor-widget-container\">\n\t\t\t\t\t\t\t\t\t<p>N\u00e3o poupamos esfor\u00e7os para que voc\u00ea tenha o melhor!<\/p>\t\t\t\t\t\t\t\t<\/div>\n\t\t\t\t<\/div>\n\t\t\t\t\t<\/div>\n\t\t<\/div>\n\t\t\t\t<div class=\"elementor-column elementor-col-50 elementor-top-column elementor-element elementor-element-9f4a2b8 elementor-invisible\" data-id=\"9f4a2b8\" data-element_type=\"column\" data-e-type=\"column\" data-settings=\"{&quot;animation&quot;:&quot;fadeInUp&quot;}\">\n\t\t\t<div class=\"elementor-widget-wrap elementor-element-populated\">\n\t\t\t\t\t\t<div class=\"elementor-element elementor-element-d5bfe83 elementor-widget elementor-widget-video\" data-id=\"d5bfe83\" data-element_type=\"widget\" data-e-type=\"widget\" data-settings=\"{&quot;youtube_url&quot;:&quot;https:\\\/\\\/www.youtube.com\\\/watch?v=pl7U3zsQoHM&quot;,&quot;video_type&quot;:&quot;youtube&quot;,&quot;controls&quot;:&quot;yes&quot;}\" data-widget_type=\"video.default\">\n\t\t\t\t<div class=\"elementor-widget-container\">\n\t\t\t\t\t\t\t<div class=\"elementor-wrapper elementor-open-inline\">\n\t\t\t<div class=\"elementor-video\"><\/div>\t\t<\/div>\n\t\t\t\t\t\t<\/div>\n\t\t\t\t<\/div>\n\t\t\t\t\t<\/div>\n\t\t<\/div>\n\t\t\t\t\t<\/div>\n\t\t<\/section>\n\t\t\t\t<\/div>\n\t\t","protected":false},"excerpt":{"rendered":"<p>M\u00f3dulo Ind\u00fastria Feito para quem trabalha a madeira. E com criatividade! Com foco na busca por solu\u00e7\u00f5es para nossos clientes, foi desenvolvido este m\u00f3dulo voltado exclusivamente para unidades de beneficiamento da madeira, como serrarias e outros empreendimentos. Com o M\u00f3dulo Ind\u00fastria do BRFLOR voc\u00ea tem sempre \u00e0 m\u00e3o, e em qualquer lugar, um sistema de [&hellip;]<\/p>\n","protected":false},"author":1,"featured_media":0,"parent":0,"menu_order":0,"comment_status":"closed","ping_status":"closed","template":"","meta":{"inline_featured_image":false,"footnotes":""},"class_list":["post-1908","page","type-page","status-publish","hentry"],"_links":{"self":[{"href":"https:\/\/brflor.com\/index.php\/wp-json\/wp\/v2\/pages\/1908","targetHints":{"allow":["GET"]}}],"collection":[{"href":"https:\/\/brflor.com\/index.php\/wp-json\/wp\/v2\/pages"}],"about":[{"href":"https:\/\/brflor.com\/index.php\/wp-json\/wp\/v2\/types\/page"}],"author":[{"embeddable":true,"href":"https:\/\/brflor.com\/index.php\/wp-json\/wp\/v2\/users\/1"}],"replies":[{"embeddable":true,"href":"https:\/\/brflor.com\/index.php\/wp-json\/wp\/v2\/comments?post=1908"}],"version-history":[{"count":112,"href":"https:\/\/brflor.com\/index.php\/wp-json\/wp\/v2\/pages\/1908\/revisions"}],"predecessor-version":[{"id":2325,"href":"https:\/\/brflor.com\/index.php\/wp-json\/wp\/v2\/pages\/1908\/revisions\/2325"}],"wp:attachment":[{"href":"https:\/\/brflor.com\/index.php\/wp-json\/wp\/v2\/media?parent=1908"}],"curies":[{"name":"wp","href":"https:\/\/api.w.org\/{rel}","templated":true}]}}