{"id":1474,"date":"2024-10-18T11:28:01","date_gmt":"2024-10-18T14:28:01","guid":{"rendered":"https:\/\/brflor.com\/br\/?page_id=1474"},"modified":"2025-02-19T16:51:56","modified_gmt":"2025-02-19T19:51:56","slug":"inovacao","status":"publish","type":"page","link":"https:\/\/brflor.com\/index.php\/inovacao\/","title":{"rendered":"Inova\u00e7\u00e3o"},"content":{"rendered":"\t\t<div data-elementor-type=\"wp-page\" data-elementor-id=\"1474\" class=\"elementor elementor-1474\" data-elementor-settings=\"{&quot;ha_cmc_init_switcher&quot;:&quot;no&quot;}\" data-elementor-post-type=\"page\">\n\t\t\t\t\t\t<section class=\"elementor-section elementor-top-section elementor-element elementor-element-256b82b2 elementor-section-height-min-height elementor-section-content-middle elementor-section-boxed elementor-section-height-default elementor-section-items-middle\" data-id=\"256b82b2\" data-element_type=\"section\" data-e-type=\"section\" data-settings=\"{&quot;background_background&quot;:&quot;classic&quot;,&quot;_ha_eqh_enable&quot;:false}\">\n\t\t\t\t\t\t\t<div class=\"elementor-background-overlay\"><\/div>\n\t\t\t\t\t\t\t<div class=\"elementor-container elementor-column-gap-default\">\n\t\t\t\t\t<div class=\"elementor-column elementor-col-100 elementor-top-column elementor-element elementor-element-2976b476\" data-id=\"2976b476\" data-element_type=\"column\" data-e-type=\"column\">\n\t\t\t<div class=\"elementor-widget-wrap elementor-element-populated\">\n\t\t\t\t\t\t<div class=\"elementor-element elementor-element-711273fc elementor-invisible elementor-widget elementor-widget-elementskit-heading\" data-id=\"711273fc\" data-element_type=\"widget\" data-e-type=\"widget\" data-settings=\"{&quot;_animation&quot;:&quot;fadeInUp&quot;}\" data-widget_type=\"elementskit-heading.default\">\n\t\t\t\t<div class=\"elementor-widget-container\">\n\t\t\t\t\t<div class=\"ekit-wid-con\" ><div class=\"ekit-heading elementskit-section-title-wraper center   ekit_heading_tablet-   ekit_heading_mobile-\"><h2 class=\"ekit-heading--title elementskit-section-title \">Ecossistema de  <span><span>Inova\u00e7\u00e3o<\/span><\/span><\/h2><\/div><\/div>\t\t\t\t<\/div>\n\t\t\t\t<\/div>\n\t\t\t\t\t<\/div>\n\t\t<\/div>\n\t\t\t\t\t<\/div>\n\t\t<\/section>\n\t\t\t\t<section class=\"elementor-section elementor-top-section elementor-element elementor-element-434dcd2 elementor-section-boxed elementor-section-height-default elementor-section-height-default\" data-id=\"434dcd2\" data-element_type=\"section\" data-e-type=\"section\" data-settings=\"{&quot;background_background&quot;:&quot;classic&quot;,&quot;_ha_eqh_enable&quot;:false}\">\n\t\t\t\t\t\t<div class=\"elementor-container elementor-column-gap-default\">\n\t\t\t\t\t<div class=\"elementor-column elementor-col-100 elementor-top-column elementor-element elementor-element-54728383\" data-id=\"54728383\" data-element_type=\"column\" data-e-type=\"column\">\n\t\t\t<div class=\"elementor-widget-wrap elementor-element-populated\">\n\t\t\t\t\t\t<section class=\"elementor-section elementor-inner-section elementor-element elementor-element-1bba1ab2 elementor-section-content-middle elementor-section-boxed elementor-section-height-default elementor-section-height-default\" data-id=\"1bba1ab2\" data-element_type=\"section\" data-e-type=\"section\" data-settings=\"{&quot;_ha_eqh_enable&quot;:false}\">\n\t\t\t\t\t\t<div class=\"elementor-container elementor-column-gap-default\">\n\t\t\t\t\t<div class=\"elementor-column elementor-col-50 elementor-inner-column elementor-element elementor-element-3fab9af6 elementor-invisible\" data-id=\"3fab9af6\" data-element_type=\"column\" data-e-type=\"column\" data-settings=\"{&quot;animation&quot;:&quot;fadeInUp&quot;}\">\n\t\t\t<div class=\"elementor-widget-wrap elementor-element-populated\">\n\t\t\t\t\t\t<div class=\"elementor-element elementor-element-7fb93c54 elementor-widget elementor-widget-text-editor\" data-id=\"7fb93c54\" data-element_type=\"widget\" data-e-type=\"widget\" data-widget_type=\"text-editor.default\">\n\t\t\t\t<div class=\"elementor-widget-container\">\n\t\t\t\t\t\t\t\t\t<p>Estamos localizados no Parque Tecnol\u00f3gico de Piracicaba\/SP, conhecido como Vale do Sil\u00edcio brasileiro e um dos ber\u00e7os da inova\u00e7\u00e3o da sustentabilidade e do agroneg\u00f3cio nacional.<\/p><p>Por meio da inova\u00e7\u00e3o e da experi\u00eancia de nossos t\u00e9cnicos na \u00e1rea, s\u00e3o pensadas diariamente novas formas de aprimorar a experi\u00eancia de nossos clientes e facilitar o seu dia a dia com praticidade, agilidade e seguran\u00e7a.<\/p>\t\t\t\t\t\t\t\t<\/div>\n\t\t\t\t<\/div>\n\t\t\t\t\t<\/div>\n\t\t<\/div>\n\t\t\t\t<div class=\"elementor-column elementor-col-50 elementor-inner-column elementor-element elementor-element-a246f67 elementor-invisible\" data-id=\"a246f67\" data-element_type=\"column\" data-e-type=\"column\" data-settings=\"{&quot;animation&quot;:&quot;fadeInUp&quot;}\">\n\t\t\t<div class=\"elementor-widget-wrap elementor-element-populated\">\n\t\t\t\t\t\t<div class=\"elementor-element elementor-element-cbf6cbf elementor-widget elementor-widget-image\" data-id=\"cbf6cbf\" data-element_type=\"widget\" data-e-type=\"widget\" data-widget_type=\"image.default\">\n\t\t\t\t<div class=\"elementor-widget-container\">\n\t\t\t\t\t\t\t\t\t\t\t\t\t\t\t<img fetchpriority=\"high\" decoding=\"async\" width=\"676\" height=\"500\" src=\"https:\/\/brflor.com\/wp-content\/uploads\/2024\/10\/agetec.webp\" class=\"attachment-large size-large wp-image-1487\" alt=\"\" srcset=\"https:\/\/brflor.com\/wp-content\/uploads\/2024\/10\/agetec.webp 676w, https:\/\/brflor.com\/wp-content\/uploads\/2024\/10\/agetec-300x222.webp 300w, https:\/\/brflor.com\/wp-content\/uploads\/2024\/10\/agetec-24x18.webp 24w, https:\/\/brflor.com\/wp-content\/uploads\/2024\/10\/agetec-36x27.webp 36w, https:\/\/brflor.com\/wp-content\/uploads\/2024\/10\/agetec-48x36.webp 48w\" sizes=\"(max-width: 676px) 100vw, 676px\" \/>\t\t\t\t\t\t\t\t\t\t\t\t\t\t\t<\/div>\n\t\t\t\t<\/div>\n\t\t\t\t\t<\/div>\n\t\t<\/div>\n\t\t\t\t\t<\/div>\n\t\t<\/section>\n\t\t\t\t\t<\/div>\n\t\t<\/div>\n\t\t\t\t\t<\/div>\n\t\t<\/section>\n\t\t\t\t<section class=\"elementor-section elementor-top-section elementor-element elementor-element-4aad1c0 elementor-section-boxed elementor-section-height-default elementor-section-height-default\" data-id=\"4aad1c0\" data-element_type=\"section\" data-e-type=\"section\" data-settings=\"{&quot;_ha_eqh_enable&quot;:false}\">\n\t\t\t\t\t\t<div class=\"elementor-container elementor-column-gap-default\">\n\t\t\t\t\t<div class=\"elementor-column elementor-col-33 elementor-top-column elementor-element elementor-element-a0e226c\" data-id=\"a0e226c\" data-element_type=\"column\" data-e-type=\"column\">\n\t\t\t<div class=\"elementor-widget-wrap elementor-element-populated\">\n\t\t\t\t\t\t<div class=\"elementor-element elementor-element-e429eca elementor-invisible elementor-widget elementor-widget-image\" data-id=\"e429eca\" data-element_type=\"widget\" data-e-type=\"widget\" data-settings=\"{&quot;_animation&quot;:&quot;fadeInUp&quot;}\" data-widget_type=\"image.default\">\n\t\t\t\t<div class=\"elementor-widget-container\">\n\t\t\t\t\t\t\t\t\t\t\t\t\t\t\t<img decoding=\"async\" width=\"700\" height=\"1200\" src=\"https:\/\/brflor.com\/wp-content\/uploads\/2024\/10\/patio2.webp\" class=\"attachment-full size-full wp-image-1654\" alt=\"\" srcset=\"https:\/\/brflor.com\/wp-content\/uploads\/2024\/10\/patio2.webp 700w, https:\/\/brflor.com\/wp-content\/uploads\/2024\/10\/patio2-175x300.webp 175w, https:\/\/brflor.com\/wp-content\/uploads\/2024\/10\/patio2-597x1024.webp 597w, https:\/\/brflor.com\/wp-content\/uploads\/2024\/10\/patio2-14x24.webp 14w, https:\/\/brflor.com\/wp-content\/uploads\/2024\/10\/patio2-21x36.webp 21w, https:\/\/brflor.com\/wp-content\/uploads\/2024\/10\/patio2-28x48.webp 28w\" sizes=\"(max-width: 700px) 100vw, 700px\" \/>\t\t\t\t\t\t\t\t\t\t\t\t\t\t\t<\/div>\n\t\t\t\t<\/div>\n\t\t\t\t\t<\/div>\n\t\t<\/div>\n\t\t\t\t<div class=\"elementor-column elementor-col-33 elementor-top-column elementor-element elementor-element-eb43601\" data-id=\"eb43601\" data-element_type=\"column\" data-e-type=\"column\">\n\t\t\t<div class=\"elementor-widget-wrap elementor-element-populated\">\n\t\t\t\t\t\t<div class=\"elementor-element elementor-element-a5ab2e2 elementor-invisible elementor-widget elementor-widget-image\" data-id=\"a5ab2e2\" data-element_type=\"widget\" data-e-type=\"widget\" data-settings=\"{&quot;_animation&quot;:&quot;fadeInUp&quot;}\" data-widget_type=\"image.default\">\n\t\t\t\t<div class=\"elementor-widget-container\">\n\t\t\t\t\t\t\t\t\t\t\t\t\t\t\t<img decoding=\"async\" width=\"700\" height=\"1200\" src=\"https:\/\/brflor.com\/wp-content\/uploads\/2024\/10\/rastreio.webp\" class=\"attachment-full size-full wp-image-2076\" alt=\"\" srcset=\"https:\/\/brflor.com\/wp-content\/uploads\/2024\/10\/rastreio.webp 700w, https:\/\/brflor.com\/wp-content\/uploads\/2024\/10\/rastreio-175x300.webp 175w, https:\/\/brflor.com\/wp-content\/uploads\/2024\/10\/rastreio-597x1024.webp 597w, https:\/\/brflor.com\/wp-content\/uploads\/2024\/10\/rastreio-14x24.webp 14w, https:\/\/brflor.com\/wp-content\/uploads\/2024\/10\/rastreio-21x36.webp 21w, https:\/\/brflor.com\/wp-content\/uploads\/2024\/10\/rastreio-28x48.webp 28w\" sizes=\"(max-width: 700px) 100vw, 700px\" \/>\t\t\t\t\t\t\t\t\t\t\t\t\t\t\t<\/div>\n\t\t\t\t<\/div>\n\t\t\t\t\t<\/div>\n\t\t<\/div>\n\t\t\t\t<div class=\"elementor-column elementor-col-33 elementor-top-column elementor-element elementor-element-e72f97a\" data-id=\"e72f97a\" data-element_type=\"column\" data-e-type=\"column\">\n\t\t\t<div class=\"elementor-widget-wrap elementor-element-populated\">\n\t\t\t\t\t\t<div class=\"elementor-element elementor-element-589eeabe elementor-invisible elementor-widget elementor-widget-elementskit-heading\" data-id=\"589eeabe\" data-element_type=\"widget\" data-e-type=\"widget\" data-settings=\"{&quot;_animation&quot;:&quot;fadeInUp&quot;}\" data-widget_type=\"elementskit-heading.default\">\n\t\t\t\t<div class=\"elementor-widget-container\">\n\t\t\t\t\t<div class=\"ekit-wid-con\" ><div class=\"ekit-heading elementskit-section-title-wraper text_left   ekit_heading_tablet-   ekit_heading_mobile-text_center\"><h2 class=\"ekit-heading--title elementskit-section-title \">Aqui o futuro chega antes. E sua empresa ou neg\u00f3cio tamb\u00e9m! <\/h2><\/div><\/div>\t\t\t\t<\/div>\n\t\t\t\t<\/div>\n\t\t\t\t<div class=\"elementor-element elementor-element-36daf6a elementor-invisible elementor-widget elementor-widget-text-editor\" data-id=\"36daf6a\" data-element_type=\"widget\" data-e-type=\"widget\" data-settings=\"{&quot;_animation&quot;:&quot;fadeInUp&quot;}\" data-widget_type=\"text-editor.default\">\n\t\t\t\t<div class=\"elementor-widget-container\">\n\t\t\t\t\t\t\t\t\t<p>A BRFLOR sempre se mostrou inovadora durante toda sua hist\u00f3ria. F\u00e1ceis de usar e seguros, nossos sistemas simplificam os processos e as opera\u00e7\u00f5es de nossos clientes. Nos tornamos refer\u00eancia no mercado madeireiro e florestal com nossas solu\u00e7\u00f5es de gest\u00e3o e tecnologia voltadas \u00e0 gest\u00e3o da cadeia produtiva e \u00e0 rastreabilidade de madeira de florestas nativas e tamb\u00e9m de produtos n\u00e3o madeireiros.<\/p><p>Na BRFLOR, o intraempreendedorismo, a inova\u00e7\u00e3o, a busca pela melhoria cont\u00ednua e o investimento em novos servi\u00e7os, estrat\u00e9gias e neg\u00f3cios fazem parte da cultura da empresa.<\/p>\t\t\t\t\t\t\t\t<\/div>\n\t\t\t\t<\/div>\n\t\t\t\t\t<\/div>\n\t\t<\/div>\n\t\t\t\t\t<\/div>\n\t\t<\/section>\n\t\t\t\t<\/div>\n\t\t","protected":false},"excerpt":{"rendered":"<p>Ecossistema de Inova\u00e7\u00e3o Estamos localizados no Parque Tecnol\u00f3gico de Piracicaba\/SP, conhecido como Vale do Sil\u00edcio brasileiro e um dos ber\u00e7os da inova\u00e7\u00e3o da sustentabilidade e do agroneg\u00f3cio nacional. Por meio da inova\u00e7\u00e3o e da experi\u00eancia de nossos t\u00e9cnicos na \u00e1rea, s\u00e3o pensadas diariamente novas formas de aprimorar a experi\u00eancia de nossos clientes e facilitar o [&hellip;]<\/p>\n","protected":false},"author":1,"featured_media":0,"parent":0,"menu_order":0,"comment_status":"closed","ping_status":"closed","template":"","meta":{"inline_featured_image":false,"footnotes":""},"class_list":["post-1474","page","type-page","status-publish","hentry"],"_links":{"self":[{"href":"https:\/\/brflor.com\/index.php\/wp-json\/wp\/v2\/pages\/1474","targetHints":{"allow":["GET"]}}],"collection":[{"href":"https:\/\/brflor.com\/index.php\/wp-json\/wp\/v2\/pages"}],"about":[{"href":"https:\/\/brflor.com\/index.php\/wp-json\/wp\/v2\/types\/page"}],"author":[{"embeddable":true,"href":"https:\/\/brflor.com\/index.php\/wp-json\/wp\/v2\/users\/1"}],"replies":[{"embeddable":true,"href":"https:\/\/brflor.com\/index.php\/wp-json\/wp\/v2\/comments?post=1474"}],"version-history":[{"count":83,"href":"https:\/\/brflor.com\/index.php\/wp-json\/wp\/v2\/pages\/1474\/revisions"}],"predecessor-version":[{"id":2614,"href":"https:\/\/brflor.com\/index.php\/wp-json\/wp\/v2\/pages\/1474\/revisions\/2614"}],"wp:attachment":[{"href":"https:\/\/brflor.com\/index.php\/wp-json\/wp\/v2\/media?parent=1474"}],"curies":[{"name":"wp","href":"https:\/\/api.w.org\/{rel}","templated":true}]}}